{"id":1011,"date":"2021-01-24T10:31:27","date_gmt":"2021-01-24T10:31:27","guid":{"rendered":"https:\/\/multiples-store.de\/?post_type=product&#038;p=1011"},"modified":"2021-01-25T07:16:39","modified_gmt":"2021-01-25T07:16:39","slug":"olivgruene-damenbluse-langaermelig-upcycled","status":"publish","type":"product","link":"https:\/\/multiples-store.de\/?product=olivgruene-damenbluse-langaermelig-upcycled","title":{"rendered":"Olivgr\u00fcne Damenbluse, lang\u00e4rmelig (upcycled)"},"content":{"rendered":"<p>Lang\u00e4rmelige olivgr\u00fcne Damenbluse mit Knopfleiste. Die H\u00e4lfte des \u00c4rmels besteht aus einem olivfarbenem Strickstoff, den icch selbst eingesetzt habe, da die \u00c4rmel recht eng waren. So ist die Bluse sehr angenehm zu tragen.<\/p>\n<p>100% Baumwolle, \u00c4rmel aus Viskose. Gebraucht, keine Sch\u00e4den, Gr\u00f6\u00dfe 36<\/p>\n<p>Jake*s<\/p>\n","protected":false},"excerpt":{"rendered":"<p>Lang\u00e4rmelige olivgr\u00fcne Damenbluse mit Knopfleiste. Die H\u00e4lfte des \u00c4rmels besteht aus einem olivfarbenem Strickstoff, den icch selbst eingesetzt habe, da die \u00c4rmel recht eng waren. So ist die Bluse sehr angenehm zu tragen.<\/p>\n<p>100% Baumwolle, \u00c4rmel aus Viskose. Gebraucht, keine Sch\u00e4den, Gr\u00f6\u00dfe 36<\/p>\n<p>Jake*s<\/p>\n","protected":false},"featured_media":1015,"comment_status":"open","ping_status":"closed","template":"","meta":{"jetpack_publicize_message":"","jetpack_is_tweetstorm":false,"jetpack_publicize_feature_enabled":true},"product_cat":[178],"product_tag":[179,186,184,183,180,181],"jetpack_publicize_connections":[],"jetpack_sharing_enabled":true,"_links":{"self":[{"href":"https:\/\/multiples-store.de\/index.php?rest_route=\/wp\/v2\/product\/1011"}],"collection":[{"href":"https:\/\/multiples-store.de\/index.php?rest_route=\/wp\/v2\/product"}],"about":[{"href":"https:\/\/multiples-store.de\/index.php?rest_route=\/wp\/v2\/types\/product"}],"replies":[{"embeddable":true,"href":"https:\/\/multiples-store.de\/index.php?rest_route=%2Fwp%2Fv2%2Fcomments&post=1011"}],"wp:featuredmedia":[{"embeddable":true,"href":"https:\/\/multiples-store.de\/index.php?rest_route=\/wp\/v2\/media\/1015"}],"wp:attachment":[{"href":"https:\/\/multiples-store.de\/index.php?rest_route=%2Fwp%2Fv2%2Fmedia&parent=1011"}],"wp:term":[{"taxonomy":"product_cat","embeddable":true,"href":"https:\/\/multiples-store.de\/index.php?rest_route=%2Fwp%2Fv2%2Fproduct_cat&post=1011"},{"taxonomy":"product_tag","embeddable":true,"href":"https:\/\/multiples-store.de\/index.php?rest_route=%2Fwp%2Fv2%2Fproduct_tag&post=1011"}],"curies":[{"name":"wp","href":"https:\/\/api.w.org\/{rel}","templated":true}]}}