{"id":1010,"date":"2021-01-20T11:52:17","date_gmt":"2021-01-20T11:52:17","guid":{"rendered":"https:\/\/multiples-store.de\/?post_type=product&#038;p=1010"},"modified":"2026-01-09T20:12:14","modified_gmt":"2026-01-09T20:12:14","slug":"rote-damenbluse-gemustert-langaermelig","status":"publish","type":"product","link":"https:\/\/multiples-store.de\/?product=rote-damenbluse-gemustert-langaermelig","title":{"rendered":"Rote Damenbluse, gemustert, lang\u00e4rmelig"},"content":{"rendered":"<p>Rote Damenbluse mit Langen \u00c4rmel, wei\u00dfen stilisierten Bl\u00fcmchen und wei\u00dfen Punkten, Knopfleiste, runder Saum, Manschetten mit 1 Knopf, leine Brusttasche links<\/p>\n<p>100 % Baumwolle, Gr\u00f6\u00dfe 38, kaum getragen, keine Sch\u00e4den<\/p>\n<p>von H&amp;M<\/p>\n","protected":false},"excerpt":{"rendered":"<p>Rote Damenbluse mit Langen \u00c4rmel, wei\u00dfen stilisierten Bl\u00fcmchen und wei\u00dfen Punkten, Knopfleiste, runder Saum, Manschetten mit 1 Knopf, kleine Brusttasche links<\/p>\n<p>100 % Baumwolle, Gr\u00f6\u00dfe 38, kaum getragen, keine Sch\u00e4den<\/p>\n<p>von H&amp;M<\/p>\n","protected":false},"featured_media":1007,"comment_status":"open","ping_status":"closed","template":"","meta":{"jetpack_publicize_message":"","jetpack_is_tweetstorm":false,"jetpack_publicize_feature_enabled":true},"product_cat":[178],"product_tag":[179,186,184,183,180,181],"jetpack_publicize_connections":[],"jetpack_sharing_enabled":true,"_links":{"self":[{"href":"https:\/\/multiples-store.de\/index.php?rest_route=\/wp\/v2\/product\/1010"}],"collection":[{"href":"https:\/\/multiples-store.de\/index.php?rest_route=\/wp\/v2\/product"}],"about":[{"href":"https:\/\/multiples-store.de\/index.php?rest_route=\/wp\/v2\/types\/product"}],"replies":[{"embeddable":true,"href":"https:\/\/multiples-store.de\/index.php?rest_route=%2Fwp%2Fv2%2Fcomments&post=1010"}],"wp:featuredmedia":[{"embeddable":true,"href":"https:\/\/multiples-store.de\/index.php?rest_route=\/wp\/v2\/media\/1007"}],"wp:attachment":[{"href":"https:\/\/multiples-store.de\/index.php?rest_route=%2Fwp%2Fv2%2Fmedia&parent=1010"}],"wp:term":[{"taxonomy":"product_cat","embeddable":true,"href":"https:\/\/multiples-store.de\/index.php?rest_route=%2Fwp%2Fv2%2Fproduct_cat&post=1010"},{"taxonomy":"product_tag","embeddable":true,"href":"https:\/\/multiples-store.de\/index.php?rest_route=%2Fwp%2Fv2%2Fproduct_tag&post=1010"}],"curies":[{"name":"wp","href":"https:\/\/api.w.org\/{rel}","templated":true}]}}