{"id":9,"date":"2015-08-24T07:35:16","date_gmt":"2015-08-24T07:35:16","guid":{"rendered":"http:\/\/multiples-store.de\/?page_id=9"},"modified":"2017-03-14T10:56:18","modified_gmt":"2017-03-14T10:56:18","slug":"agb","status":"publish","type":"page","link":"https:\/\/multiples-store.de\/?page_id=9","title":{"rendered":"AGB"},"content":{"rendered":"<p><strong>Allgemeine Gesch\u00e4ftsbedingungen der Fliege L\u00fcnskens GbR, multiples-store.de<\/strong><\/p>\n<p>\u00a71 Geltung gegen\u00fcber Unternehmern und Begriffsdefinitionen<\/p>\n<p>(1) Die nachfolgenden Allgemeinen Gesch\u00e4ftsbedingungen gelten f\u00fcr alle Lieferungen zwischen uns und einem Verbraucher in ihrer zum Zeitpunkt der Bestellung g\u00fcltigen Fassung.<\/p>\n<p>Verbraucher ist jede nat\u00fcrliche Person, die ein Rechtsgesch\u00e4ft zu Zwecken abschlie\u00dft, die \u00fcberwiegend weder ihrer gewerblichen noch ihrer selbst\u00e4ndigen beruflichen T\u00e4tigkeit zugerechnet werden k\u00f6nnen (\u00a7 13 BGB).<br \/>\n&nbsp;<\/p>\n<p>\u00a72 Zustandekommen eines Vertrages, Speicherung des Vertragstextes<\/p>\n<p>(1) Die folgenden Regelungen \u00fcber den Vertragsabschluss gelten f\u00fcr Bestellungen \u00fcber unseren Internetshop http:\/\/www.multiples-store.de.<\/p>\n<p><b>(2) Im Falle des Vertragsschlusses kommt der Vertrag mit<br \/>\n<\/b><\/p>\n<div>Fliege L\u00fcnskens GbR<br \/>\nHauptstr. 30<br \/>\nD-10827 Berlin<\/div>\n<div><\/div>\n<div><b>zustande.<\/b><\/div>\n<div><\/div>\n<p>(3) Die Pr\u00e4sentation der Waren in unserem Internetshop stellen kein rechtlich bindendes Vertragsangebot unsererseits dar, sondern sind nur eine unverbindliche Aufforderung an den Verbraucher, Waren zu bestellen. Mit der Bestellung der gew\u00fcnschten Ware gibt der Verbraucher ein f\u00fcr ihn verbindliches Angebot auf Abschluss eines Kaufvertrages ab.<\/p>\n<p>(4) Bei Eingang einer Bestellung in unserem Internetshop gelten folgende Regelungen: Der Verbraucher gibt ein bindendes Vertragsangebot ab, indem er die in unserem Internetshop vorgesehene Bestellprozedur erfolgreich durchl\u00e4uft.<\/p>\n<p>Die Bestellung erfolgt in folgenden Schritten:<\/p>\n<div class=\"ml20\">Ohne Registrierung als Kunde<\/div>\n<ol>\n<li class=\"ml20\">\u00a0Auswahl der gew\u00fcnschten Ware<\/li>\n<li>Best\u00e4tigen durch Anklicken der Buttons \u201eBestellen\u201c<\/li>\n<li>Pr\u00fcfung der Angaben im Warenkorb<\/li>\n<li>Bet\u00e4tigung des Buttons \u201eKasse\u201c<\/li>\n<li>Verbindliche Absendung der Bestellung durch Anklicken des Buttons \u201ekostenpflichtig bestellen\u201c bzw. \u201ekaufen\u201c<\/li>\n<\/ol>\n<div class=\"ml20\"><\/div>\n<p>&nbsp;<\/p>\n<div class=\"ml20\">Mit Registrierung als Kunde<\/div>\n<ol>\n<li class=\"ml20\">Auswahl der gew\u00fcnschten Ware<\/li>\n<li class=\"ml20\">Best\u00e4tigen durch Anklicken der Buttons \u201eBestellen\u201c<\/li>\n<li class=\"ml20\">Pr\u00fcfung der Angaben im Warenkorb<\/li>\n<li class=\"ml20\">Bet\u00e4tigung des Buttons \u201eKasse\u201c Mit Registrierung als Kunde<\/li>\n<li class=\"ml20\">Anmeldung im Internetshop nach Registrierung und Eingabe der Anmelderangaben (E-Mail-Adresse und Passwort).<\/li>\n<li class=\"ml20\">Nochmalige Pr\u00fcfung bzw. Berichtigung der jeweiligen eingegebenen Daten.<\/li>\n<li class=\"ml20\">Verbindliche Absendung der Bestellung durch Anklicken des Buttons \u201ekostenpflichtig bestellen\u201c bzw. \u201ekaufen\u201c<\/li>\n<\/ol>\n<p>&nbsp;<\/p>\n<p>Der Verbraucher kann vor dem verbindlichen Absenden der Bestellung durch Bet\u00e4tigen der in dem von ihm verwendeten Internet-Browser enthaltenen \u201eZur\u00fcck\u201c-Taste nach Kontrolle seiner Angaben wieder zu der Internetseite gelangen, auf der die Angaben des Kunden erfasst werden und Eingabefehler berichtigen bzw. durch Schlie\u00dfen des Internetbrowsers den Bestellvorgang abbrechen. Wir best\u00e4tigen den Eingang der Bestellung unmittelbar durch eine automatisch generierte E-Mail (\u201eAuftragsbest\u00e4tigung\u201c). Mit dieser nehmen wir Ihr Angebot an.<\/p>\n<p>(5) Speicherung des Vertragstextes bei Bestellungen \u00fcber unseren Internetshop : Wir speichern den Vertragstext und senden Ihnen die Bestelldaten und unsere AGB per E-Mail zu. Die AGB k\u00f6nnen Sie jederzeit auch unter http:\/\/multiples-store.de\/?page_id=9 einsehen. Ihre vergangenen Bestellungen k\u00f6nnen Sie in unserem Kunden-Bereich unter Mein Konto &#8211;&gt; Meine Bestellungen einsehen.<br \/>\n&nbsp;<\/p>\n<p>\u00a73 Preise, Versandkosten, Zahlung, F\u00e4lligkeit<\/p>\n<p>(1) Die angegebenen Preise enthalten die gesetzliche Umsatzsteuer und sonstige Preisbestandteile. Hinzu kommen etwaige Versandkosten.<\/p>\n<p>(2) Der Verbraucher hat die M\u00f6glichkeit der Zahlung per Bankeinzug, PayPal oder per Barzahlung bei Abholung in der Werkstatt in Gr\u00fcnow, OT Dreesch, Dreesch 7, Uckermark.<br \/>\n&nbsp;<\/p>\n<p>\u00a74 Lieferung<\/p>\n<p>(1) Sofern wir dies in der Produktbeschreibung nicht deutlich anders angegeben haben, sind alle von uns angebotenen Artikel sofort versandfertig. Die Lieferung erfolgt hier sp\u00e4testens innerhalb von 7 Werktagen. Dabei beginnt die Frist f\u00fcr die Lieferung im Falle der Zahlung per Vorkasse am Tag nach Zahlungsauftrag an die mit der \u00dcberweisung beauftragte Bank und bei allen anderen Zahlungsarten am Tag nach Vertragsschluss zu laufen. F\u00e4llt das Fristende auf einen Samstag, Sonntag oder gesetzlichen Feiertag am Lieferort, so endet die Frist am n\u00e4chsten Werktag.<\/p>\n<p>(2) Die Gefahr des zuf\u00e4lligen Untergangs und der zuf\u00e4lligen Verschlechterung der verkauften Sache geht auch beim Versendungskauf erst mit der \u00dcbergabe der Sache an den K\u00e4ufer auf diesen \u00fcber.<br \/>\n&nbsp;<\/p>\n<p>\u00a75 Eigentumsvorbehalt<\/p>\n<p>Wir behalten uns das Eigentum an der Ware bis zur vollst\u00e4ndigen Bezahlung des Kaufpreises vor.<br \/>\n<div class=\"woocommerce woocommerce-gzd woocommerce-gzd-complaints-shortcode\">\n    <h3>Alternative Streitbeilegung gem\u00e4\u00df Art. 14 Abs. 1 ODR-VO und \u00a7 36 VSBG:<\/h3>\n\n<p>Die Europ\u00e4ische Kommission stellt eine Plattform zur Online-Streitbeilegung (OS) bereit, die du unter <a href=\"https:\/\/ec.europa.eu\/consumers\/odr\" target=\"_blank\">https:\/\/ec.europa.eu\/consumers\/odr<\/a> findest. Zur Teilnahme an einem Streitbeilegungsverfahren vor einer Verbraucherschlichtungsstelle sind wir nicht verpflichtet und nicht bereit.<\/p>\n<\/div><\/p>\n","protected":false},"excerpt":{"rendered":"<p>Allgemeine Gesch\u00e4ftsbedingungen der Fliege L\u00fcnskens GbR, multiples-store.de \u00a71 Geltung gegen\u00fcber Unternehmern und Begriffsdefinitionen (1) Die nachfolgenden Allgemeinen Gesch\u00e4ftsbedingungen gelten f\u00fcr alle Lieferungen zwischen uns und einem Verbraucher in ihrer zum Zeitpunkt der Bestellung g\u00fcltigen Fassung. Verbraucher ist jede nat\u00fcrliche Person, die ein Rechtsgesch\u00e4ft zu Zwecken abschlie\u00dft, die \u00fcberwiegend weder ihrer gewerblichen noch ihrer selbst\u00e4ndigen beruflichen [&hellip;]<\/p>\n","protected":false},"author":1,"featured_media":0,"parent":0,"menu_order":0,"comment_status":"closed","ping_status":"closed","template":"","meta":[],"jetpack_sharing_enabled":true,"jetpack_shortlink":"https:\/\/wp.me\/P9ByLQ-9","_links":{"self":[{"href":"https:\/\/multiples-store.de\/index.php?rest_route=\/wp\/v2\/pages\/9"}],"collection":[{"href":"https:\/\/multiples-store.de\/index.php?rest_route=\/wp\/v2\/pages"}],"about":[{"href":"https:\/\/multiples-store.de\/index.php?rest_route=\/wp\/v2\/types\/page"}],"author":[{"embeddable":true,"href":"https:\/\/multiples-store.de\/index.php?rest_route=\/wp\/v2\/users\/1"}],"replies":[{"embeddable":true,"href":"https:\/\/multiples-store.de\/index.php?rest_route=%2Fwp%2Fv2%2Fcomments&post=9"}],"version-history":[{"count":13,"href":"https:\/\/multiples-store.de\/index.php?rest_route=\/wp\/v2\/pages\/9\/revisions"}],"predecessor-version":[{"id":183,"href":"https:\/\/multiples-store.de\/index.php?rest_route=\/wp\/v2\/pages\/9\/revisions\/183"}],"wp:attachment":[{"href":"https:\/\/multiples-store.de\/index.php?rest_route=%2Fwp%2Fv2%2Fmedia&parent=9"}],"curies":[{"name":"wp","href":"https:\/\/api.w.org\/{rel}","templated":true}]}}