{"id":2,"date":"2015-08-19T04:23:47","date_gmt":"2015-08-19T04:23:47","guid":{"rendered":"http:\/\/multiples-store.de\/?page_id=2"},"modified":"2021-04-19T18:28:27","modified_gmt":"2021-04-19T18:28:27","slug":"sample-page","status":"publish","type":"page","link":"https:\/\/multiples-store.de\/","title":{"rendered":"Home"},"content":{"rendered":"<p>Wir freuen uns, dass Sie vorbeischauen. Sie finden in unserem Shop\u00a0 handgefertigte M\u00f6bel und Objekte als Unikate oder in Kleinserien. Jedes Objekt stellen wir auch gerne nach Ihren Ma\u00dfangaben individuell her. Variationen in der Oberfl\u00e4chengestaltung oder im Material ber\u00fccksichtigen wir ebenfalls gerne.<\/p>\n<p>Gefertigt werden die Objekte und M\u00f6bel in unserer Werkstatt und der kleinen Schneiderei in Dreesch in der Uckermark. Schauen Sie bei uns vorbei und besuchen Sie uns auf dem <strong><span style=\"color: #008000;\"><a style=\"color: #008000;\" href=\"https:\/\/dreesch-sieben.de\/\" target=\"_blank\" rel=\"noopener noreferrer\">Hof<\/a><\/span><\/strong>. Wollen Sie selbst K\u00f6rbe flechten lernen? Dann buchen Sie einen <a href=\"https:\/\/dreesch-sieben.de\/kreatives-arbeiten\/\" target=\"_blank\" rel=\"noopener\"><span style=\"color: #008000;\"><strong>Workshop.<\/strong><\/span><\/a><\/p>\n<p>Es gr\u00fc\u00dfen herzlich Norbert Fliege und Christiane L\u00fcnskens<\/p>\n","protected":false},"excerpt":{"rendered":"<p>Wir freuen uns, dass Sie vorbeischauen. Sie finden in unserem Shop\u00a0 handgefertigte M\u00f6bel und Objekte als Unikate oder in Kleinserien. Jedes Objekt stellen wir auch gerne nach Ihren Ma\u00dfangaben individuell her. Variationen in der Oberfl\u00e4chengestaltung oder im Material ber\u00fccksichtigen wir ebenfalls gerne. Gefertigt werden die Objekte und M\u00f6bel in unserer Werkstatt und der kleinen Schneiderei [&hellip;]<\/p>\n","protected":false},"author":1,"featured_media":0,"parent":0,"menu_order":0,"comment_status":"open","ping_status":"open","template":"","meta":[],"jetpack_sharing_enabled":true,"jetpack_shortlink":"https:\/\/wp.me\/P9ByLQ-2","_links":{"self":[{"href":"https:\/\/multiples-store.de\/index.php?rest_route=\/wp\/v2\/pages\/2"}],"collection":[{"href":"https:\/\/multiples-store.de\/index.php?rest_route=\/wp\/v2\/pages"}],"about":[{"href":"https:\/\/multiples-store.de\/index.php?rest_route=\/wp\/v2\/types\/page"}],"author":[{"embeddable":true,"href":"https:\/\/multiples-store.de\/index.php?rest_route=\/wp\/v2\/users\/1"}],"replies":[{"embeddable":true,"href":"https:\/\/multiples-store.de\/index.php?rest_route=%2Fwp%2Fv2%2Fcomments&post=2"}],"version-history":[{"count":14,"href":"https:\/\/multiples-store.de\/index.php?rest_route=\/wp\/v2\/pages\/2\/revisions"}],"predecessor-version":[{"id":1462,"href":"https:\/\/multiples-store.de\/index.php?rest_route=\/wp\/v2\/pages\/2\/revisions\/1462"}],"wp:attachment":[{"href":"https:\/\/multiples-store.de\/index.php?rest_route=%2Fwp%2Fv2%2Fmedia&parent=2"}],"curies":[{"name":"wp","href":"https:\/\/api.w.org\/{rel}","templated":true}]}}